{"id":5,"date":"2015-07-28T17:37:14","date_gmt":"2015-07-28T15:37:14","guid":{"rendered":"http:\/\/192.168.1.14\/Wordpress\/?page_id=5"},"modified":"2026-01-29T21:31:51","modified_gmt":"2026-01-29T20:31:51","slug":"accueil","status":"publish","type":"page","link":"https:\/\/mickinformatique.fr\/","title":{"rendered":"Accueil"},"content":{"rendered":"<div id=\"pl-5\"  class=\"panel-layout\" ><div id=\"pg-5-0\"  class=\"panel-grid panel-has-style\" ><div style=\"padding: 100px 0; \" data-overlay=\"true\" class=\"panel-row-style panel-row-style-for-5-0\" ><div id=\"pgc-5-0-0\"  class=\"panel-grid-cell\" ><div id=\"panel-5-0-0-0\" class=\"widget_text so-panel widget widget_custom_html panel-first-child\" data-index=\"0\" ><div style=\"text-align: left;\" data-title-color=\"#443f3f\" data-headings-color=\"#443f3f\" class=\"widget_text panel-widget-style panel-widget-style-for-5-0-0-0\" ><div class=\"textwidget custom-html-widget\"><!DOCTYPE html>\n<html lang=\"fr\">\n<head>\n<meta charset=\"UTF-8\"\/>\n<meta name=\"viewport\" content=\"width=device-width, initial-scale=1.0\"\/>\n<title>Slider Responsive<\/title>\n\n<style>\nbody{\n  font-family: Arial, sans-serif;\n  background:#f5f5f5;\n  padding:20px;\n  margin:0;\n}\n\nh1{\n  text-align:center;\n  color:#0033cc;\n  margin-bottom:20px;\n}\n\n\/* CONTENEUR SLIDER *\/\n.slider{\n  width:100%;\n  max-width:480px;\n  margin:auto;\n  overflow:hidden;\n  border-radius:12px;\n  background:#fff;\n  box-shadow:0 4px 10px rgba(0,0,0,.15);\n}\n\n\/* SLIDES *\/\n.slides{\n  display:flex;\n  transition:transform .6s ease;\n}\n\n\/* IMAGES *\/\n.slides img{\n  width:100%;\n  height:260px;\n  object-fit:contain;\n  flex-shrink:0;\n}\n\n\/* TABLETTE *\/\n@media (max-width:768px){\n  .slides img{\n    height:220px;\n  }\n}\n\n\/* MOBILE *\/\n@media (max-width:480px){\n  h1{\n    font-size:20px;\n  }\n  .slides img{\n    height:180px;\n  }\n}\n<\/style>\n<\/head>\n\n<body>\n\n<h1>Maintenance et d\u00e9pannage informatique<\/h1>\n\n<div class=\"slider\">\n  <div class=\"slides\">\n    <img decoding=\"async\" src=\"https:\/\/mickinformatique.fr\/Images_Site\/Depannage_distance.png\" alt=\"D\u00e9pannage \u00e0 distance\"\/>\n    <img decoding=\"async\" src=\"https:\/\/mickinformatique.fr\/Images_Site\/Depannage_informatique.png\" alt=\"D\u00e9pannage informatique\"\/>\n    <img decoding=\"async\" src=\"https:\/\/mickinformatique.fr\/Images_Site\/Analyse_PC.png\" alt=\"Analyse PC\"\/>\n    <img decoding=\"async\" src=\"https:\/\/mickinformatique.fr\/Images_Site\/Devis.png\" alt=\"Devis\"\/>\n    <img decoding=\"async\" src=\"https:\/\/mickinformatique.fr\/Images_Site\/rust-desk.png\" alt=\"RustDesk\"\/>\n  <\/div>\n<\/div>\n\n<script>\nconst slides = document.querySelector('.slides');\nconst total = slides.children.length;\nlet index = 0;\n\nsetInterval(() => {\n  index = (index + 1) % total;\n  slides.style.transform = `translateX(-${index * 100}%)`;\n}, 3000);\n<\/script>\n\n<\/body>\n<\/html>\n<\/div><\/div><\/div><div id=\"panel-5-0-0-1\" class=\"so-panel widget widget_black-studio-tinymce widget_black_studio_tinymce panel-last-child\" data-index=\"1\" ><div style=\"text-align: left;\" data-title-color=\"#443f3f\" data-headings-color=\"#443f3f\" class=\"panel-widget-style panel-widget-style-for-5-0-0-1\" ><div class=\"textwidget\"><h2 style=\"text-align: center;\"><\/h2>\n<h3 style=\"text-align: center;\">Pour particuliers et professionnels<\/h3>\n<p style=\"text-align: center; color: #808080;\">Un probl\u00e8me informatique ? Votre ordinateur est lent, ne d\u00e9marre plus ou rencontre un dysfonctionnement ?<br \/>\nBesoin d\u2019un <strong>d\u00e9pannage informatique \u00e0 domicile rapide et efficace<\/strong> ?<\/p>\n<p style=\"text-align: center; color: #808080;\"><strong>Mick Informatique<\/strong> vous accompagne pour le <strong>d\u00e9pannage, la maintenance et l\u2019assistance informatique<\/strong><br \/>\nsur PC portable, ordinateur de bureau et tablette.<\/p>\n<h3 style=\"text-align: center;\">D\u00e9pannage et assistance informatique \u00e0 domicile<\/h3>\n<p style=\"color: #808080; text-align: center;\">J\u2019interviens rapidement pour tous types de <strong>probl\u00e8mes informatiques<\/strong> :<br \/>\nordinateur lent, virus, panne mat\u00e9rielle, probl\u00e8me de d\u00e9marrage,<br \/>\n\u00e9cran noir, bruit anormal de l\u2019unit\u00e9 centrale ou souci de connexion Internet.<\/p>\n<h3 style=\"text-align: center;\">Maintenance, r\u00e9paration et optimisation informatique<\/h3>\n<p style=\"color: #808080; text-align: center;\">Mes prestations comprennent la <strong>r\u00e9paration informatique<\/strong>,<br \/>\nla maintenance pr\u00e9ventive, l\u2019optimisation des performances,<br \/>\nla <strong>d\u00e9sinfection de virus et logiciels malveillants<\/strong>,<br \/>\nainsi que la <strong>r\u00e9cup\u00e9ration de donn\u00e9es<\/strong> perdues ou effac\u00e9es.<\/p>\n<h3 style=\"text-align: center;\">Installation informatique et connexion Internet<\/h3>\n<p style=\"color: #808080; text-align: center;\">Je prends en charge l\u2019<strong>installation de votre mat\u00e9riel informatique<\/strong> :<br \/>\nconnexion Internet (Livebox, Freebox, SFR\/Neufbox),<br \/>\nimprimante, Wi-Fi, webcam, p\u00e9riph\u00e9riques et logiciels.<\/p>\n<h3 style=\"text-align: center;\">R\u00e9installation syst\u00e8me et d\u00e9pannage logiciel<\/h3>\n<p style=\"color: #808080; text-align: center;\">Dans certains cas, une <strong>r\u00e9installation compl\u00e8te du syst\u00e8me<\/strong> est n\u00e9cessaire,<br \/>\nnotamment lorsqu\u2019un virus est profond\u00e9ment implant\u00e9 ou \u00e0 la suite d\u2019une mauvaise manipulation.<br \/>\nVos donn\u00e9es sont sauvegard\u00e9es lorsque cela est possible avant toute intervention.<\/p>\n<h3 style=\"text-align: center;\">Technicien informatique \u00e0 domicile de confiance<\/h3>\n<p style=\"color: #808080; text-align: center;\">Qu\u2019il s\u2019agisse de pannes mat\u00e9rielles (hardware), de probl\u00e8mes logiciels (software)<br \/>\nou de dysfonctionnements du syst\u00e8me d\u2019exploitation,<br \/>\n<strong>Mick Informatique<\/strong> intervient rapidement pour remettre votre ordinateur en parfait \u00e9tat de fonctionnement.<\/p>\n<\/div><\/div><\/div><\/div><\/div><\/div><\/div>","protected":false},"excerpt":{"rendered":"<p>Pour particuliers et professionnels Un probl\u00e8me informatique ? Votre ordinateur est lent, ne d\u00e9marre plus ou rencontre un dysfonctionnement ? Besoin d\u2019un [&hellip;]<\/p>\n","protected":false},"author":1,"featured_media":0,"parent":0,"menu_order":0,"comment_status":"closed","ping_status":"closed","template":"","meta":{"footnotes":""},"class_list":["post-5","page","type-page","status-publish","hentry"],"_links":{"self":[{"href":"https:\/\/mickinformatique.fr\/index.php\/wp-json\/wp\/v2\/pages\/5","targetHints":{"allow":["GET"]}}],"collection":[{"href":"https:\/\/mickinformatique.fr\/index.php\/wp-json\/wp\/v2\/pages"}],"about":[{"href":"https:\/\/mickinformatique.fr\/index.php\/wp-json\/wp\/v2\/types\/page"}],"author":[{"embeddable":true,"href":"https:\/\/mickinformatique.fr\/index.php\/wp-json\/wp\/v2\/users\/1"}],"replies":[{"embeddable":true,"href":"https:\/\/mickinformatique.fr\/index.php\/wp-json\/wp\/v2\/comments?post=5"}],"version-history":[{"count":75,"href":"https:\/\/mickinformatique.fr\/index.php\/wp-json\/wp\/v2\/pages\/5\/revisions"}],"predecessor-version":[{"id":1010,"href":"https:\/\/mickinformatique.fr\/index.php\/wp-json\/wp\/v2\/pages\/5\/revisions\/1010"}],"wp:attachment":[{"href":"https:\/\/mickinformatique.fr\/index.php\/wp-json\/wp\/v2\/media?parent=5"}],"curies":[{"name":"wp","href":"https:\/\/api.w.org\/{rel}","templated":true}]}}